{"id":2960,"date":"2023-08-14T11:39:09","date_gmt":"2023-08-14T17:39:09","guid":{"rendered":"https:\/\/ponchomoradofilms.com\/?page_id=2960"},"modified":"2023-08-15T16:30:50","modified_gmt":"2023-08-15T22:30:50","slug":"noticia-03","status":"publish","type":"page","link":"https:\/\/ponchomoradofilms.com\/index.php\/noticia-03\/","title":{"rendered":"Noticia 03"},"content":{"rendered":"\t\t<div data-elementor-type=\"wp-page\" data-elementor-id=\"2960\" class=\"elementor elementor-2960\">\n\t\t\t\t\t\t<section class=\"elementor-section elementor-top-section elementor-element elementor-element-619ounm elementor-section-height-min-height elementor-section-boxed elementor-section-height-default elementor-section-items-middle\" data-id=\"619ounm\" data-element_type=\"section\" data-e-type=\"section\" data-settings=\"{&quot;background_background&quot;:&quot;classic&quot;,&quot;shape_divider_bottom&quot;:&quot;opacity-fan&quot;}\">\n\t\t\t\t\t\t\t<div class=\"elementor-background-overlay\"><\/div>\n\t\t\t\t\t\t<div class=\"elementor-shape elementor-shape-bottom\" aria-hidden=\"true\" data-negative=\"false\">\n\t\t\t<svg xmlns=\"http:\/\/www.w3.org\/2000\/svg\" viewBox=\"0 0 283.5 19.6\" preserveAspectRatio=\"none\">\n\t<path class=\"elementor-shape-fill\" style=\"opacity:0.33\" d=\"M0 0L0 18.8 141.8 4.1 283.5 18.8 283.5 0z\"\/>\n\t<path class=\"elementor-shape-fill\" style=\"opacity:0.33\" d=\"M0 0L0 12.6 141.8 4 283.5 12.6 283.5 0z\"\/>\n\t<path class=\"elementor-shape-fill\" style=\"opacity:0.33\" d=\"M0 0L0 6.4 141.8 4 283.5 6.4 283.5 0z\"\/>\n\t<path class=\"elementor-shape-fill\" d=\"M0 0L0 1.2 141.8 4 283.5 1.2 283.5 0z\"\/>\n<\/svg>\t\t<\/div>\n\t\t\t\t\t<div class=\"elementor-container elementor-column-gap-default\">\n\t\t\t\t\t<div class=\"elementor-column elementor-col-100 elementor-top-column elementor-element elementor-element-be10890\" data-id=\"be10890\" data-element_type=\"column\" data-e-type=\"column\">\n\t\t\t<div class=\"elementor-widget-wrap elementor-element-populated\">\n\t\t\t\t\t\t<div class=\"elementor-element elementor-element-35a4ebd elementor-widget__width-initial elementor-widget elementor-widget-heading\" data-id=\"35a4ebd\" data-element_type=\"widget\" data-e-type=\"widget\" data-widget_type=\"heading.default\">\n\t\t\t\t<div class=\"elementor-widget-container\">\n\t\t\t\t\t<h2 class=\"elementor-heading-title elementor-size-default\">Estrenan \"Carta Malva, Poniatowska y Dominicana Conversan\" en la Cineteca Nacional de M\u00e9xico con la presencia de Elena Poniatowska<\/h2>\t\t\t\t<\/div>\n\t\t\t\t<\/div>\n\t\t\t\t<div class=\"elementor-element elementor-element-b78c0f0 elementor-align-right elementor-widget__width-initial elementor-widget elementor-widget-button\" data-id=\"b78c0f0\" data-element_type=\"widget\" data-e-type=\"widget\" data-widget_type=\"button.default\">\n\t\t\t\t<div class=\"elementor-widget-container\">\n\t\t\t\t\t\t\t\t\t<div class=\"elementor-button-wrapper\">\n\t\t\t\t\t<a class=\"elementor-button elementor-button-link elementor-size-sm elementor-animation-shrink\" href=\"https:\/\/ponchomoradofilms.com\/\">\n\t\t\t\t\t\t<span class=\"elementor-button-content-wrapper\">\n\t\t\t\t\t\t\t\t\t<span class=\"elementor-button-text\">REGRESAR<\/span>\n\t\t\t\t\t<\/span>\n\t\t\t\t\t<\/a>\n\t\t\t\t<\/div>\n\t\t\t\t\t\t\t\t<\/div>\n\t\t\t\t<\/div>\n\t\t\t\t<div class=\"elementor-element elementor-element-b72a980 elementor-align-center elementor-widget__width-initial elementor-widget-mobile__width-initial elementor-widget elementor-widget-button\" data-id=\"b72a980\" data-element_type=\"widget\" data-e-type=\"widget\" data-widget_type=\"button.default\">\n\t\t\t\t<div class=\"elementor-widget-container\">\n\t\t\t\t\t\t\t\t\t<div class=\"elementor-button-wrapper\">\n\t\t\t\t\t<a class=\"elementor-button elementor-button-link elementor-size-sm elementor-animation-shrink\" href=\"https:\/\/ponchomoradofilms.com\/index.php\/noticia-04\/\">\n\t\t\t\t\t\t<span class=\"elementor-button-content-wrapper\">\n\t\t\t\t\t\t\t\t\t<span class=\"elementor-button-text\">Siguiente Noticia<\/span>\n\t\t\t\t\t<\/span>\n\t\t\t\t\t<\/a>\n\t\t\t\t<\/div>\n\t\t\t\t\t\t\t\t<\/div>\n\t\t\t\t<\/div>\n\t\t\t\t\t<\/div>\n\t\t<\/div>\n\t\t\t\t\t<\/div>\n\t\t<\/section>\n\t\t\t\t<section class=\"elementor-section elementor-top-section elementor-element elementor-element-7851713 elementor-section-full_width elementor-section-height-default elementor-section-height-default\" data-id=\"7851713\" data-element_type=\"section\" data-e-type=\"section\">\n\t\t\t\t\t\t<div class=\"elementor-container elementor-column-gap-default\">\n\t\t\t\t\t<div class=\"elementor-column elementor-col-50 elementor-top-column elementor-element elementor-element-0de40c6\" data-id=\"0de40c6\" data-element_type=\"column\" data-e-type=\"column\">\n\t\t\t<div class=\"elementor-widget-wrap elementor-element-populated\">\n\t\t\t\t\t\t<div class=\"elementor-element elementor-element-b9ebcb1 elementor-widget__width-initial elementor-widget elementor-widget-text-editor\" data-id=\"b9ebcb1\" data-element_type=\"widget\" data-e-type=\"widget\" data-widget_type=\"text-editor.default\">\n\t\t\t\t<div class=\"elementor-widget-container\">\n\t\t\t\t\t\t\t\t\t<p>El pasado jueves 2 de marzo fue estrenada \u201cCarta Malva: Poniatowska y Dominicana Conversan\u201d en la sala 8 de Cineteca Nacional de M\u00e9xico, en Ciudad M\u00e9xico, con la presencia de la escritora Elena Poniatowska Amor y Ang\u00e9lica Noboa Pag\u00e1n, protagonista y directora del mediometraje documental, respectivamente.<\/p><p><br><\/p>\n<p><\/p>\n<p>La funci\u00f3n fue organizada por la embajadora de la Rep\u00fablica Dominicana en M\u00e9xico, la se\u00f1ora Mar\u00eda Isabel Castillo B\u00e1ez, en el marco de un acto de la Jornada Dominicana en M\u00e9xico, por motivo de la Independencia Nacional.<\/p><p><br><\/p>\n<p><\/p>\n<p>En ese acto tambi\u00e9n se produjo el lanzamiento de la Red de Mujeres Dominicanas en M\u00e9xico, iniciativa que busca ser un espacio de apoyo y capacitaci\u00f3n de las mujeres dominicanas en esa naci\u00f3n y se dej\u00f3 inaugurado el cap\u00edtulo M\u00e9xico de Dominican Sisters, que unir\u00e1 a mujeres emprendedoras y profesionales visibiliz\u00e1ndolas y creando v\u00ednculos de cooperaci\u00f3n.<\/p><p><br><\/p>\n<p><\/p>\n<p>Estrenan &#8220;Carta Malva, Poniatowska y Dominicana conversan&#8221; en la Cineteca Nacional de M\u00e9xico con la presencia de Elena Poniatowska con su acostumbra modestia y sentido del humor dijo:<\/p><p><br><\/p>\n<p><\/p>\n<p>\u201cEste documental se le regala a M\u00e9xico, no solo a m\u00ed. Soy una periodista, una trabajadora de las letras, y estoy pues muy feliz de estar aqu\u00ed, aunque creo que nunca ha sido mi mayor aspiraci\u00f3n hablar en p\u00fablico.\u201d<\/p><p><br><\/p>\n<p><\/p>\n<p>\u201cSanto Domingo tiene el privilegio de contar con una trabajadora excepcional, la embajadora Mar\u00eda Isabel Castillo B\u00e1ez, a quien ya fui a visitar y con quien tuve el gusto de conversar una tarde en su embajada.\u201d<\/p><p><br><\/p>\n<p><\/p>\n<p>\u201cEs un gran aliento y un gran honor que una artista como Ang\u00e9lica Noboa me dedique un documental, porque es un documental, \u00bfno? S\u00ed, verdad. En la casa de Chimalistac, al lado de la capilla de San Sebasti\u00e1n, Ang\u00e9lica me crucific\u00f3 a preguntas, fui su San Sebasti\u00e1n, que muri\u00f3 cubierto de flechas en sus partes vitales. No imagin\u00e9 que convertir\u00eda una conversaci\u00f3n muy agradable en un corto cinematogr\u00e1fico. Yo no entend\u00ed que era una pel\u00edcula.\u201d<\/p>\t\t\t\t\t\t\t\t<\/div>\n\t\t\t\t<\/div>\n\t\t\t\t<div class=\"elementor-element elementor-element-634133a elementor-widget elementor-widget-image\" data-id=\"634133a\" data-element_type=\"widget\" data-e-type=\"widget\" data-widget_type=\"image.default\">\n\t\t\t\t<div class=\"elementor-widget-container\">\n\t\t\t\t\t\t\t\t\t\t\t\t\t\t\t<img fetchpriority=\"high\" decoding=\"async\" width=\"1024\" height=\"768\" src=\"https:\/\/ponchomoradofilms.com\/wp-content\/uploads\/2023\/08\/img-20230302-wa0064-1024x768.jpg\" class=\"attachment-large size-large wp-image-2967\" alt=\"\" srcset=\"https:\/\/ponchomoradofilms.com\/wp-content\/uploads\/2023\/08\/img-20230302-wa0064-1024x768.jpg 1024w, https:\/\/ponchomoradofilms.com\/wp-content\/uploads\/2023\/08\/img-20230302-wa0064-300x225.jpg 300w, https:\/\/ponchomoradofilms.com\/wp-content\/uploads\/2023\/08\/img-20230302-wa0064-768x576.jpg 768w, https:\/\/ponchomoradofilms.com\/wp-content\/uploads\/2023\/08\/img-20230302-wa0064-1536x1152.jpg 1536w, https:\/\/ponchomoradofilms.com\/wp-content\/uploads\/2023\/08\/img-20230302-wa0064.jpg 1600w\" sizes=\"(max-width: 1024px) 100vw, 1024px\" \/>\t\t\t\t\t\t\t\t\t\t\t\t\t\t\t<\/div>\n\t\t\t\t<\/div>\n\t\t\t\t<div class=\"elementor-element elementor-element-812780b elementor-widget elementor-widget-image\" data-id=\"812780b\" data-element_type=\"widget\" data-e-type=\"widget\" data-widget_type=\"image.default\">\n\t\t\t\t<div class=\"elementor-widget-container\">\n\t\t\t\t\t\t\t\t\t\t\t\t\t\t\t<img decoding=\"async\" width=\"2048\" height=\"1536\" src=\"https:\/\/ponchomoradofilms.com\/wp-content\/uploads\/2023\/08\/img_7808-2048x1536.jpg\" class=\"attachment-2048x2048 size-2048x2048 wp-image-2966\" alt=\"\" srcset=\"https:\/\/ponchomoradofilms.com\/wp-content\/uploads\/2023\/08\/img_7808-2048x1536.jpg 2048w, https:\/\/ponchomoradofilms.com\/wp-content\/uploads\/2023\/08\/img_7808-300x225.jpg 300w, https:\/\/ponchomoradofilms.com\/wp-content\/uploads\/2023\/08\/img_7808-1024x768.jpg 1024w, https:\/\/ponchomoradofilms.com\/wp-content\/uploads\/2023\/08\/img_7808-768x576.jpg 768w, https:\/\/ponchomoradofilms.com\/wp-content\/uploads\/2023\/08\/img_7808-1536x1152.jpg 1536w\" sizes=\"(max-width: 2048px) 100vw, 2048px\" \/>\t\t\t\t\t\t\t\t\t\t\t\t\t\t\t<\/div>\n\t\t\t\t<\/div>\n\t\t\t\t\t<\/div>\n\t\t<\/div>\n\t\t\t\t<div class=\"elementor-column elementor-col-50 elementor-top-column elementor-element elementor-element-c435824\" data-id=\"c435824\" data-element_type=\"column\" data-e-type=\"column\">\n\t\t\t<div class=\"elementor-widget-wrap elementor-element-populated\">\n\t\t\t\t\t\t<div class=\"elementor-element elementor-element-9107906 elementor-widget elementor-widget-image\" data-id=\"9107906\" data-element_type=\"widget\" data-e-type=\"widget\" data-widget_type=\"image.default\">\n\t\t\t\t<div class=\"elementor-widget-container\">\n\t\t\t\t\t\t\t\t\t\t\t\t\t\t\t<img decoding=\"async\" width=\"1536\" height=\"2048\" src=\"https:\/\/ponchomoradofilms.com\/wp-content\/uploads\/2023\/08\/horizontal-1536x2048.jpg\" class=\"attachment-2048x2048 size-2048x2048 wp-image-2965\" alt=\"\" srcset=\"https:\/\/ponchomoradofilms.com\/wp-content\/uploads\/2023\/08\/horizontal-1536x2048.jpg 1536w, https:\/\/ponchomoradofilms.com\/wp-content\/uploads\/2023\/08\/horizontal-225x300.jpg 225w, https:\/\/ponchomoradofilms.com\/wp-content\/uploads\/2023\/08\/horizontal-768x1024.jpg 768w, https:\/\/ponchomoradofilms.com\/wp-content\/uploads\/2023\/08\/horizontal-1152x1536.jpg 1152w, https:\/\/ponchomoradofilms.com\/wp-content\/uploads\/2023\/08\/horizontal-scaled.jpg 1920w\" sizes=\"(max-width: 1536px) 100vw, 1536px\" \/>\t\t\t\t\t\t\t\t\t\t\t\t\t\t\t<\/div>\n\t\t\t\t<\/div>\n\t\t\t\t<div class=\"elementor-element elementor-element-82815fa elementor-widget elementor-widget-text-editor\" data-id=\"82815fa\" data-element_type=\"widget\" data-e-type=\"widget\" data-widget_type=\"text-editor.default\">\n\t\t\t\t<div class=\"elementor-widget-container\">\n\t\t\t\t\t\t\t\t\t<p><\/p>\n<p>\u201cA trav\u00e9s de Santo Domingo, por primera vez en mi vida, en mi largu\u00edsima vida de noventa y un a\u00f1os se hace una pel\u00edcula en la que figura mi persona, pues para m\u00ed es un honor, pero tambi\u00e9n me da bastante miedo y voy a tomar tantita agua, pues ya se me sec\u00f3 el seso\u201d dijo mientras se mov\u00eda con su vigor acostumbrado.<\/p><p><br><\/p>\n<p><\/p>\n<p class=\"preFade fadeIn\">En el acto adem\u00e1s estuvieron presentes Emmanuel y Felipe Haro Poniatowski, hijos de la escritora, Marta Lamas, destacada feminista mexicana, autoridades diplom\u00e1ticas, as\u00ed como el se\u00f1or Israel Castillo Pablo, director de Relaciones P\u00fablicas, Log\u00edstica y Eventos de la Cineteca Nacional de M\u00e9xico.<\/p><p class=\"preFade fadeIn\"><br><\/p>\n<p class=\"preFade fadeIn\">\n<\/p><p class=\"preFade fadeIn\">Tambi\u00e9n asisti\u00f3 una parte del equipo de Poncho Morado Films residente M\u00e9xico que colaboraron en el documental: Ian Felipe Rodr\u00edguez, Blanca Venegas, Daniel Mendoza Bola\u00f1os y Andrea Tejeda Pujols, entre otras personalidades mexicanas y dominicanas.<\/p><p class=\"preFade fadeIn\"><br><\/p>\n<p class=\"preFade fadeIn\">Noboa coment\u00f3 a reporteros de Acento que \u201cCarta Malva\u201d ir\u00e1 ahora a festivales de cine nacionales e internacionales y ser\u00e1 exhibido en la Cinemateca Nacional de la Rep\u00fablica Dominicana en una fecha pr\u00f3xima a anunciarse.<\/p>\t\t\t\t\t\t\t\t<\/div>\n\t\t\t\t<\/div>\n\t\t\t\t<div class=\"elementor-element elementor-element-3cb8c85 elementor-widget elementor-widget-video\" data-id=\"3cb8c85\" data-element_type=\"widget\" data-e-type=\"widget\" data-settings=\"{&quot;video_type&quot;:&quot;vimeo&quot;,&quot;start&quot;:0,&quot;mute&quot;:&quot;yes&quot;,&quot;loop&quot;:&quot;yes&quot;}\" data-widget_type=\"video.default\">\n\t\t\t\t<div class=\"elementor-widget-container\">\n\t\t\t\t\t\t\t<div class=\"elementor-wrapper elementor-open-inline\">\n\t\t\t<iframe class=\"elementor-video-iframe\" allowfullscreen allow=\"clipboard-write\" title=\"vimeo Video Player\" src=\"https:\/\/player.vimeo.com\/video\/806566762?color&amp;autopause=0&amp;loop=1&amp;muted=1&amp;title=1&amp;portrait=1&amp;byline=1#t=\"><\/iframe>\t\t<\/div>\n\t\t\t\t\t\t<\/div>\n\t\t\t\t<\/div>\n\t\t\t\t<div class=\"elementor-element elementor-element-b754801 elementor-align-right elementor-widget__width-initial elementor-widget-mobile__width-initial elementor-widget elementor-widget-button\" data-id=\"b754801\" data-element_type=\"widget\" data-e-type=\"widget\" data-widget_type=\"button.default\">\n\t\t\t\t<div class=\"elementor-widget-container\">\n\t\t\t\t\t\t\t\t\t<div class=\"elementor-button-wrapper\">\n\t\t\t\t\t<a class=\"elementor-button elementor-button-link elementor-size-sm elementor-animation-shrink\" href=\"https:\/\/ponchomoradofilms.com\/\">\n\t\t\t\t\t\t<span class=\"elementor-button-content-wrapper\">\n\t\t\t\t\t\t\t\t\t<span class=\"elementor-button-text\">Regresar<\/span>\n\t\t\t\t\t<\/span>\n\t\t\t\t\t<\/a>\n\t\t\t\t<\/div>\n\t\t\t\t\t\t\t\t<\/div>\n\t\t\t\t<\/div>\n\t\t\t\t<div class=\"elementor-element elementor-element-e91fbec elementor-align-right elementor-widget__width-initial elementor-mobile-align-center elementor-widget-mobile__width-initial elementor-widget elementor-widget-button\" data-id=\"e91fbec\" data-element_type=\"widget\" data-e-type=\"widget\" data-widget_type=\"button.default\">\n\t\t\t\t<div class=\"elementor-widget-container\">\n\t\t\t\t\t\t\t\t\t<div class=\"elementor-button-wrapper\">\n\t\t\t\t\t<a class=\"elementor-button elementor-button-link elementor-size-sm elementor-animation-shrink\" href=\"https:\/\/ponchomoradofilms.com\/index.php\/noticia-04\/\">\n\t\t\t\t\t\t<span class=\"elementor-button-content-wrapper\">\n\t\t\t\t\t\t\t\t\t<span class=\"elementor-button-text\">Siguiente<\/span>\n\t\t\t\t\t<\/span>\n\t\t\t\t\t<\/a>\n\t\t\t\t<\/div>\n\t\t\t\t\t\t\t\t<\/div>\n\t\t\t\t<\/div>\n\t\t\t\t\t<\/div>\n\t\t<\/div>\n\t\t\t\t\t<\/div>\n\t\t<\/section>\n\t\t\t\t<\/div>\n\t\t","protected":false},"excerpt":{"rendered":"<p>Estrenan &#8220;Carta Malva, Poniatowska y Dominicana Conversan&#8221; en la Cineteca Nacional de M\u00e9xico con la presencia de Elena Poniatowska REGRESAR Siguiente Noticia El pasado jueves 2 de marzo fue estrenada \u201cCarta Malva: Poniatowska y Dominicana Conversan\u201d en la sala 8 de Cineteca Nacional de M\u00e9xico, en Ciudad M\u00e9xico, con la presencia de la escritora Elena &hellip;<\/p>\n<p class=\"read-more\"> <a class=\"\" href=\"https:\/\/ponchomoradofilms.com\/index.php\/noticia-03\/\"> <span class=\"screen-reader-text\">Noticia 03<\/span> Read More &raquo;<\/a><\/p>\n","protected":false},"author":1,"featured_media":0,"parent":0,"menu_order":0,"comment_status":"closed","ping_status":"closed","template":"","meta":{"site-sidebar-layout":"no-sidebar","site-content-layout":"page-builder","ast-global-header-display":"","ast-banner-title-visibility":"","ast-main-header-display":"","ast-hfb-above-header-display":"","ast-hfb-below-header-display":"","ast-hfb-mobile-header-display":"","site-post-title":"disabled","ast-breadcrumbs-content":"","ast-featured-img":"disabled","footer-sml-layout":"","theme-transparent-header-meta":"","adv-header-id-meta":"","stick-header-meta":"","header-above-stick-meta":"","header-main-stick-meta":"","header-below-stick-meta":"","footnotes":""},"class_list":["post-2960","page","type-page","status-publish","hentry"],"_links":{"self":[{"href":"https:\/\/ponchomoradofilms.com\/index.php\/wp-json\/wp\/v2\/pages\/2960","targetHints":{"allow":["GET"]}}],"collection":[{"href":"https:\/\/ponchomoradofilms.com\/index.php\/wp-json\/wp\/v2\/pages"}],"about":[{"href":"https:\/\/ponchomoradofilms.com\/index.php\/wp-json\/wp\/v2\/types\/page"}],"author":[{"embeddable":true,"href":"https:\/\/ponchomoradofilms.com\/index.php\/wp-json\/wp\/v2\/users\/1"}],"replies":[{"embeddable":true,"href":"https:\/\/ponchomoradofilms.com\/index.php\/wp-json\/wp\/v2\/comments?post=2960"}],"version-history":[{"count":54,"href":"https:\/\/ponchomoradofilms.com\/index.php\/wp-json\/wp\/v2\/pages\/2960\/revisions"}],"predecessor-version":[{"id":3174,"href":"https:\/\/ponchomoradofilms.com\/index.php\/wp-json\/wp\/v2\/pages\/2960\/revisions\/3174"}],"wp:attachment":[{"href":"https:\/\/ponchomoradofilms.com\/index.php\/wp-json\/wp\/v2\/media?parent=2960"}],"curies":[{"name":"wp","href":"https:\/\/api.w.org\/{rel}","templated":true}]}}