{"id":3090,"date":"2023-08-15T11:09:23","date_gmt":"2023-08-15T17:09:23","guid":{"rendered":"https:\/\/ponchomoradofilms.com\/?page_id=3090"},"modified":"2023-08-15T16:35:15","modified_gmt":"2023-08-15T22:35:15","slug":"noticia-04","status":"publish","type":"page","link":"https:\/\/ponchomoradofilms.com\/index.php\/noticia-04\/","title":{"rendered":"Noticia 04"},"content":{"rendered":"\t\t<div data-elementor-type=\"wp-page\" data-elementor-id=\"3090\" class=\"elementor elementor-3090\">\n\t\t\t\t\t\t<section class=\"elementor-section elementor-top-section elementor-element elementor-element-619ounm elementor-section-height-min-height elementor-section-boxed elementor-section-height-default elementor-section-items-middle\" data-id=\"619ounm\" data-element_type=\"section\" data-e-type=\"section\" data-settings=\"{&quot;background_background&quot;:&quot;classic&quot;,&quot;shape_divider_bottom&quot;:&quot;opacity-fan&quot;}\">\n\t\t\t\t\t\t\t<div class=\"elementor-background-overlay\"><\/div>\n\t\t\t\t\t\t<div class=\"elementor-shape elementor-shape-bottom\" aria-hidden=\"true\" data-negative=\"false\">\n\t\t\t<svg xmlns=\"http:\/\/www.w3.org\/2000\/svg\" viewBox=\"0 0 283.5 19.6\" preserveAspectRatio=\"none\">\n\t<path class=\"elementor-shape-fill\" style=\"opacity:0.33\" d=\"M0 0L0 18.8 141.8 4.1 283.5 18.8 283.5 0z\"\/>\n\t<path class=\"elementor-shape-fill\" style=\"opacity:0.33\" d=\"M0 0L0 12.6 141.8 4 283.5 12.6 283.5 0z\"\/>\n\t<path class=\"elementor-shape-fill\" style=\"opacity:0.33\" d=\"M0 0L0 6.4 141.8 4 283.5 6.4 283.5 0z\"\/>\n\t<path class=\"elementor-shape-fill\" d=\"M0 0L0 1.2 141.8 4 283.5 1.2 283.5 0z\"\/>\n<\/svg>\t\t<\/div>\n\t\t\t\t\t<div class=\"elementor-container elementor-column-gap-default\">\n\t\t\t\t\t<div class=\"elementor-column elementor-col-100 elementor-top-column elementor-element elementor-element-be10890\" data-id=\"be10890\" data-element_type=\"column\" data-e-type=\"column\">\n\t\t\t<div class=\"elementor-widget-wrap elementor-element-populated\">\n\t\t\t\t\t\t<div class=\"elementor-element elementor-element-35a4ebd elementor-widget__width-initial elementor-widget elementor-widget-heading\" data-id=\"35a4ebd\" data-element_type=\"widget\" data-e-type=\"widget\" data-widget_type=\"heading.default\">\n\t\t\t\t<div class=\"elementor-widget-container\">\n\t\t\t\t\t<h2 class=\"elementor-heading-title elementor-size-default\">Exhiben documental \"Carta Malva: Poniatowska y Dominicana Conversan\" en acto de homenaje a creadoras<\/h2>\t\t\t\t<\/div>\n\t\t\t\t<\/div>\n\t\t\t\t<div class=\"elementor-element elementor-element-b78c0f0 elementor-align-right elementor-widget__width-initial elementor-widget elementor-widget-button\" data-id=\"b78c0f0\" data-element_type=\"widget\" data-e-type=\"widget\" data-widget_type=\"button.default\">\n\t\t\t\t<div class=\"elementor-widget-container\">\n\t\t\t\t\t\t\t\t\t<div class=\"elementor-button-wrapper\">\n\t\t\t\t\t<a class=\"elementor-button elementor-button-link elementor-size-sm elementor-animation-shrink\" href=\"https:\/\/ponchomoradofilms.com\/\">\n\t\t\t\t\t\t<span class=\"elementor-button-content-wrapper\">\n\t\t\t\t\t\t\t\t\t<span class=\"elementor-button-text\">REGRESAR<\/span>\n\t\t\t\t\t<\/span>\n\t\t\t\t\t<\/a>\n\t\t\t\t<\/div>\n\t\t\t\t\t\t\t\t<\/div>\n\t\t\t\t<\/div>\n\t\t\t\t<div class=\"elementor-element elementor-element-b72a980 elementor-align-center elementor-widget__width-initial elementor-widget-mobile__width-initial elementor-widget elementor-widget-button\" data-id=\"b72a980\" data-element_type=\"widget\" data-e-type=\"widget\" data-widget_type=\"button.default\">\n\t\t\t\t<div class=\"elementor-widget-container\">\n\t\t\t\t\t\t\t\t\t<div class=\"elementor-button-wrapper\">\n\t\t\t\t\t<a class=\"elementor-button elementor-button-link elementor-size-sm elementor-animation-shrink\" href=\"https:\/\/ponchomoradofilms.com\/index.php\/noticia-05\/\">\n\t\t\t\t\t\t<span class=\"elementor-button-content-wrapper\">\n\t\t\t\t\t\t\t\t\t<span class=\"elementor-button-text\">Siguiente Noticia<\/span>\n\t\t\t\t\t<\/span>\n\t\t\t\t\t<\/a>\n\t\t\t\t<\/div>\n\t\t\t\t\t\t\t\t<\/div>\n\t\t\t\t<\/div>\n\t\t\t\t\t<\/div>\n\t\t<\/div>\n\t\t\t\t\t<\/div>\n\t\t<\/section>\n\t\t\t\t<section class=\"elementor-section elementor-top-section elementor-element elementor-element-7851713 elementor-section-full_width elementor-section-height-default elementor-section-height-default\" data-id=\"7851713\" data-element_type=\"section\" data-e-type=\"section\">\n\t\t\t\t\t\t<div class=\"elementor-container elementor-column-gap-default\">\n\t\t\t\t\t<div class=\"elementor-column elementor-col-50 elementor-top-column elementor-element elementor-element-0de40c6\" data-id=\"0de40c6\" data-element_type=\"column\" data-e-type=\"column\">\n\t\t\t<div class=\"elementor-widget-wrap elementor-element-populated\">\n\t\t\t\t\t\t<div class=\"elementor-element elementor-element-b9ebcb1 elementor-widget__width-initial elementor-widget elementor-widget-text-editor\" data-id=\"b9ebcb1\" data-element_type=\"widget\" data-e-type=\"widget\" data-widget_type=\"text-editor.default\">\n\t\t\t\t<div class=\"elementor-widget-container\">\n\t\t\t\t\t\t\t\t\t<p>El pasado martes 21 de marzo el Ministerio de Cultura celebr\u00f3 en la Plaza de la Cultura el D\u00eda Internacional de la Poes\u00eda, con una jornada de actividades bajo el t\u00edtulo \u201cHomenaje a las Creadoras y sus Creaciones\u201d en el que participaron diferentes creadoras, mujeres y ni\u00f1as, exponentes en el la poes\u00eda, el ensayo, la danza y otras manifestaciones del arte.<\/p><p>\u00a0<\/p><p>\u201cCarta Malva, Poniatowska y Dominicana Conversan\u201d documental dirigido por Ang\u00e9lica Noboa Pag\u00e1n y transmitido por AcentoTV, fue la obra de cierre. Franchesca Placeres Castillo, asistente de producci\u00f3n de Poncho Morado Films, asisti\u00f3 a la jornada de creadoras y sus creadores del Ministerio de Cultura, en representaci\u00f3n Noboa Pag\u00e1n, quien present\u00f3 excusas por encontrarse en el extranjero.<\/p><p>\u00a0<\/p><p>\u201cCarta Malva, Poniatowska y Dominicana Conversan\u201d recibi\u00f3 cr\u00edticas favorables entre los asistentes destac\u00e1ndose los comentarios del periodista y escritor Jos\u00e9 Rafael Sosa.<\/p><p>\u00a0<\/p><p>Asimismo, el documental ser\u00e1 transmitido nuevamente el pr\u00f3ximo 9 de abril, Domingo de Resurrecci\u00f3n, en AcentoTV, en un horario que ser\u00e1 anunciado<\/p>\t\t\t\t\t\t\t\t<\/div>\n\t\t\t\t<\/div>\n\t\t\t\t<div class=\"elementor-element elementor-element-9107906 elementor-widget__width-initial elementor-widget elementor-widget-image\" data-id=\"9107906\" data-element_type=\"widget\" data-e-type=\"widget\" data-widget_type=\"image.default\">\n\t\t\t\t<div class=\"elementor-widget-container\">\n\t\t\t\t\t\t\t\t\t\t\t\t\t\t\t<img fetchpriority=\"high\" decoding=\"async\" width=\"800\" height=\"445\" src=\"https:\/\/ponchomoradofilms.com\/wp-content\/uploads\/2023\/08\/Cultura-rinde-tributo-a-poetas-dominicanos-en-el-Dia-Mundial-de-la-Poesia.jpg\" class=\"attachment-2048x2048 size-2048x2048 wp-image-3152\" alt=\"\" srcset=\"https:\/\/ponchomoradofilms.com\/wp-content\/uploads\/2023\/08\/Cultura-rinde-tributo-a-poetas-dominicanos-en-el-Dia-Mundial-de-la-Poesia.jpg 800w, https:\/\/ponchomoradofilms.com\/wp-content\/uploads\/2023\/08\/Cultura-rinde-tributo-a-poetas-dominicanos-en-el-Dia-Mundial-de-la-Poesia-300x167.jpg 300w, https:\/\/ponchomoradofilms.com\/wp-content\/uploads\/2023\/08\/Cultura-rinde-tributo-a-poetas-dominicanos-en-el-Dia-Mundial-de-la-Poesia-768x427.jpg 768w\" sizes=\"(max-width: 800px) 100vw, 800px\" \/>\t\t\t\t\t\t\t\t\t\t\t\t\t\t\t<\/div>\n\t\t\t\t<\/div>\n\t\t\t\t<div class=\"elementor-element elementor-element-5c204a1 elementor-widget__width-initial elementor-widget elementor-widget-image\" data-id=\"5c204a1\" data-element_type=\"widget\" data-e-type=\"widget\" data-widget_type=\"image.default\">\n\t\t\t\t<div class=\"elementor-widget-container\">\n\t\t\t\t\t\t\t\t\t\t\t\t\t\t\t<img decoding=\"async\" width=\"768\" height=\"512\" src=\"https:\/\/ponchomoradofilms.com\/wp-content\/uploads\/2023\/08\/Publico-que-participo-en-la-apertura-del-Homenaje-a-las-Creadoras.jpg\" class=\"attachment-large size-large wp-image-3153\" alt=\"\" srcset=\"https:\/\/ponchomoradofilms.com\/wp-content\/uploads\/2023\/08\/Publico-que-participo-en-la-apertura-del-Homenaje-a-las-Creadoras.jpg 768w, https:\/\/ponchomoradofilms.com\/wp-content\/uploads\/2023\/08\/Publico-que-participo-en-la-apertura-del-Homenaje-a-las-Creadoras-300x200.jpg 300w\" sizes=\"(max-width: 768px) 100vw, 768px\" \/>\t\t\t\t\t\t\t\t\t\t\t\t\t\t\t<\/div>\n\t\t\t\t<\/div>\n\t\t\t\t\t<\/div>\n\t\t<\/div>\n\t\t\t\t<div class=\"elementor-column elementor-col-50 elementor-top-column elementor-element elementor-element-c435824\" data-id=\"c435824\" data-element_type=\"column\" data-e-type=\"column\">\n\t\t\t<div class=\"elementor-widget-wrap elementor-element-populated\">\n\t\t\t\t\t\t<div class=\"elementor-element elementor-element-634133a elementor-widget__width-initial elementor-widget elementor-widget-image\" data-id=\"634133a\" data-element_type=\"widget\" data-e-type=\"widget\" data-widget_type=\"image.default\">\n\t\t\t\t<div class=\"elementor-widget-container\">\n\t\t\t\t\t\t\t\t\t\t\t\t\t\t\t<img decoding=\"async\" width=\"1024\" height=\"1024\" src=\"https:\/\/ponchomoradofilms.com\/wp-content\/uploads\/2023\/08\/cult-2-thumbnail_photo-2023-03-26-20-56-16-1024x1024.jpg\" class=\"attachment-large size-large wp-image-3151\" alt=\"\" srcset=\"https:\/\/ponchomoradofilms.com\/wp-content\/uploads\/2023\/08\/cult-2-thumbnail_photo-2023-03-26-20-56-16-1024x1024.jpg 1024w, https:\/\/ponchomoradofilms.com\/wp-content\/uploads\/2023\/08\/cult-2-thumbnail_photo-2023-03-26-20-56-16-300x300.jpg 300w, https:\/\/ponchomoradofilms.com\/wp-content\/uploads\/2023\/08\/cult-2-thumbnail_photo-2023-03-26-20-56-16-150x150.jpg 150w, https:\/\/ponchomoradofilms.com\/wp-content\/uploads\/2023\/08\/cult-2-thumbnail_photo-2023-03-26-20-56-16-768x768.jpg 768w, https:\/\/ponchomoradofilms.com\/wp-content\/uploads\/2023\/08\/cult-2-thumbnail_photo-2023-03-26-20-56-16.jpg 1280w\" sizes=\"(max-width: 1024px) 100vw, 1024px\" \/>\t\t\t\t\t\t\t\t\t\t\t\t\t\t\t<\/div>\n\t\t\t\t<\/div>\n\t\t\t\t<div class=\"elementor-element elementor-element-82815fa elementor-widget elementor-widget-text-editor\" data-id=\"82815fa\" data-element_type=\"widget\" data-e-type=\"widget\" data-widget_type=\"text-editor.default\">\n\t\t\t\t<div class=\"elementor-widget-container\">\n\t\t\t\t\t\t\t\t\t<p>En la actividad, Franchesca Placeres Castillo ley\u00f3 el siguiente mensaje antes de la funci\u00f3n:<\/p><p>\u00a0<\/p><p>\u201cEs un alto honor para el personal art\u00edstico y t\u00e9cnico de nuestra peque\u00f1a casa productora Poncho Morado Films y para una servidora remitente de estas l\u00edneas que nuestra tambi\u00e9n peque\u00f1a obra acerca de una gran mujer de letras, as\u00ed como del activismo feminista y social de Latinoam\u00e9rica, haya sido incluida en el marco de la jornada &#8220;Homenaje a creadoras y sus creadores&#8221; del Ministerio de Cultura. &#8220;Carta Malva&#8221; en s\u00ed misma es un obra-homenaje a la l\u00edrica valiente y sensible de la mexicana Elena Poniatowska.<\/p><p>\u00a0<\/p><p>Con mucho cari\u00f1o hemos entregado el filme a la Cinemateca Dominicana para ser exhibido hoy y todas las veces que se desee, en su sala principal, en su programa cultural en Radio Televisi\u00f3n Dominicana y en la Cinemateca sobre Ruedas alrededor del territorio nacional. Nuestro esfuerzo queda en las mejores manos, para coadyuvar a las autoridades del ramo a fomentar la lectura.<\/p><p>\u00a0<\/p><p>Aprovecho la ocasi\u00f3n para enviar con Franchesca<i> <\/i>un agradecimiento especial a la Lcda. Nilka Jansen Solano, asesora del Ministerio de Cultura, por acercarse a m\u00ed a ofrecer su ayuda en la difusi\u00f3n del documental tan pronto supo que lo produc\u00edamos. Infinitas gracias.<\/p><p>\u00a0<\/p><p>En el d\u00eda de la poes\u00eda dedico a las exponentes que nos precedieron, a todas las poetas y amantes de la poes\u00eda dominicanas un verso de Elena Poniatowska Amor: &#8220;Como siento m\u00edas las jacarandas que cada a\u00f1o cubren las aceras de M\u00e9xico con una alfombra morada que es la de la cuaresma, la muerte y la resurrecci\u00f3n.&#8221;<\/p><p>\u00a0<\/p><p>Gracias por considerar nuestros versos hechos de luz y sonido en esta hermosa jornada de primavera y poes\u00eda.\u201d<\/p>\t\t\t\t\t\t\t\t<\/div>\n\t\t\t\t<\/div>\n\t\t\t\t<div class=\"elementor-element elementor-element-b754801 elementor-align-right elementor-widget__width-initial elementor-widget-mobile__width-initial elementor-widget elementor-widget-button\" data-id=\"b754801\" data-element_type=\"widget\" data-e-type=\"widget\" data-widget_type=\"button.default\">\n\t\t\t\t<div class=\"elementor-widget-container\">\n\t\t\t\t\t\t\t\t\t<div class=\"elementor-button-wrapper\">\n\t\t\t\t\t<a class=\"elementor-button elementor-button-link elementor-size-sm elementor-animation-shrink\" href=\"https:\/\/ponchomoradofilms.com\/\">\n\t\t\t\t\t\t<span class=\"elementor-button-content-wrapper\">\n\t\t\t\t\t\t\t\t\t<span class=\"elementor-button-text\">Regresar<\/span>\n\t\t\t\t\t<\/span>\n\t\t\t\t\t<\/a>\n\t\t\t\t<\/div>\n\t\t\t\t\t\t\t\t<\/div>\n\t\t\t\t<\/div>\n\t\t\t\t<div class=\"elementor-element elementor-element-e91fbec elementor-align-right elementor-widget__width-initial elementor-mobile-align-center elementor-widget-mobile__width-initial elementor-widget elementor-widget-button\" data-id=\"e91fbec\" data-element_type=\"widget\" data-e-type=\"widget\" data-widget_type=\"button.default\">\n\t\t\t\t<div class=\"elementor-widget-container\">\n\t\t\t\t\t\t\t\t\t<div class=\"elementor-button-wrapper\">\n\t\t\t\t\t<a class=\"elementor-button elementor-button-link elementor-size-sm elementor-animation-shrink\" href=\"https:\/\/ponchomoradofilms.com\/index.php\/noticia-05\/\">\n\t\t\t\t\t\t<span class=\"elementor-button-content-wrapper\">\n\t\t\t\t\t\t\t\t\t<span class=\"elementor-button-text\">Siguiente<\/span>\n\t\t\t\t\t<\/span>\n\t\t\t\t\t<\/a>\n\t\t\t\t<\/div>\n\t\t\t\t\t\t\t\t<\/div>\n\t\t\t\t<\/div>\n\t\t\t\t\t<\/div>\n\t\t<\/div>\n\t\t\t\t\t<\/div>\n\t\t<\/section>\n\t\t\t\t<\/div>\n\t\t","protected":false},"excerpt":{"rendered":"<p>Exhiben documental &#8220;Carta Malva: Poniatowska y Dominicana Conversan&#8221; en acto de homenaje a creadoras REGRESAR Siguiente Noticia El pasado martes 21 de marzo el Ministerio de Cultura celebr\u00f3 en la Plaza de la Cultura el D\u00eda Internacional de la Poes\u00eda, con una jornada de actividades bajo el t\u00edtulo \u201cHomenaje a las Creadoras y sus Creaciones\u201d &hellip;<\/p>\n<p class=\"read-more\"> <a class=\"\" href=\"https:\/\/ponchomoradofilms.com\/index.php\/noticia-04\/\"> <span class=\"screen-reader-text\">Noticia 04<\/span> Read More &raquo;<\/a><\/p>\n","protected":false},"author":1,"featured_media":0,"parent":0,"menu_order":0,"comment_status":"closed","ping_status":"closed","template":"","meta":{"site-sidebar-layout":"no-sidebar","site-content-layout":"page-builder","ast-global-header-display":"","ast-banner-title-visibility":"","ast-main-header-display":"","ast-hfb-above-header-display":"","ast-hfb-below-header-display":"","ast-hfb-mobile-header-display":"","site-post-title":"disabled","ast-breadcrumbs-content":"","ast-featured-img":"disabled","footer-sml-layout":"","theme-transparent-header-meta":"","adv-header-id-meta":"","stick-header-meta":"","header-above-stick-meta":"","header-main-stick-meta":"","header-below-stick-meta":"","footnotes":""},"class_list":["post-3090","page","type-page","status-publish","hentry"],"_links":{"self":[{"href":"https:\/\/ponchomoradofilms.com\/index.php\/wp-json\/wp\/v2\/pages\/3090","targetHints":{"allow":["GET"]}}],"collection":[{"href":"https:\/\/ponchomoradofilms.com\/index.php\/wp-json\/wp\/v2\/pages"}],"about":[{"href":"https:\/\/ponchomoradofilms.com\/index.php\/wp-json\/wp\/v2\/types\/page"}],"author":[{"embeddable":true,"href":"https:\/\/ponchomoradofilms.com\/index.php\/wp-json\/wp\/v2\/users\/1"}],"replies":[{"embeddable":true,"href":"https:\/\/ponchomoradofilms.com\/index.php\/wp-json\/wp\/v2\/comments?post=3090"}],"version-history":[{"count":16,"href":"https:\/\/ponchomoradofilms.com\/index.php\/wp-json\/wp\/v2\/pages\/3090\/revisions"}],"predecessor-version":[{"id":3192,"href":"https:\/\/ponchomoradofilms.com\/index.php\/wp-json\/wp\/v2\/pages\/3090\/revisions\/3192"}],"wp:attachment":[{"href":"https:\/\/ponchomoradofilms.com\/index.php\/wp-json\/wp\/v2\/media?parent=3090"}],"curies":[{"name":"wp","href":"https:\/\/api.w.org\/{rel}","templated":true}]}}