{"id":3091,"date":"2023-08-15T09:46:21","date_gmt":"2023-08-15T15:46:21","guid":{"rendered":"https:\/\/ponchomoradofilms.com\/?page_id=3091"},"modified":"2023-08-15T16:32:36","modified_gmt":"2023-08-15T22:32:36","slug":"noticia-05","status":"publish","type":"page","link":"https:\/\/ponchomoradofilms.com\/index.php\/noticia-05\/","title":{"rendered":"Noticia 05"},"content":{"rendered":"\t\t<div data-elementor-type=\"wp-page\" data-elementor-id=\"3091\" class=\"elementor elementor-3091\">\n\t\t\t\t\t\t<section class=\"elementor-section elementor-top-section elementor-element elementor-element-619ounm elementor-section-height-min-height elementor-section-boxed elementor-section-height-default elementor-section-items-middle\" data-id=\"619ounm\" data-element_type=\"section\" data-e-type=\"section\" data-settings=\"{&quot;background_background&quot;:&quot;classic&quot;,&quot;shape_divider_bottom&quot;:&quot;opacity-fan&quot;}\">\n\t\t\t\t\t\t\t<div class=\"elementor-background-overlay\"><\/div>\n\t\t\t\t\t\t<div class=\"elementor-shape elementor-shape-bottom\" aria-hidden=\"true\" data-negative=\"false\">\n\t\t\t<svg xmlns=\"http:\/\/www.w3.org\/2000\/svg\" viewBox=\"0 0 283.5 19.6\" preserveAspectRatio=\"none\">\n\t<path class=\"elementor-shape-fill\" style=\"opacity:0.33\" d=\"M0 0L0 18.8 141.8 4.1 283.5 18.8 283.5 0z\"\/>\n\t<path class=\"elementor-shape-fill\" style=\"opacity:0.33\" d=\"M0 0L0 12.6 141.8 4 283.5 12.6 283.5 0z\"\/>\n\t<path class=\"elementor-shape-fill\" style=\"opacity:0.33\" d=\"M0 0L0 6.4 141.8 4 283.5 6.4 283.5 0z\"\/>\n\t<path class=\"elementor-shape-fill\" d=\"M0 0L0 1.2 141.8 4 283.5 1.2 283.5 0z\"\/>\n<\/svg>\t\t<\/div>\n\t\t\t\t\t<div class=\"elementor-container elementor-column-gap-default\">\n\t\t\t\t\t<div class=\"elementor-column elementor-col-100 elementor-top-column elementor-element elementor-element-be10890\" data-id=\"be10890\" data-element_type=\"column\" data-e-type=\"column\">\n\t\t\t<div class=\"elementor-widget-wrap elementor-element-populated\">\n\t\t\t\t\t\t<div class=\"elementor-element elementor-element-35a4ebd elementor-widget__width-initial elementor-widget elementor-widget-heading\" data-id=\"35a4ebd\" data-element_type=\"widget\" data-e-type=\"widget\" data-widget_type=\"heading.default\">\n\t\t\t\t<div class=\"elementor-widget-container\">\n\t\t\t\t\t<h2 class=\"elementor-heading-title elementor-size-default\">Lo que le cont\u00f3 Elena Poniatowska a Ang\u00e9lica Noboa Pag\u00e1n<\/h2>\t\t\t\t<\/div>\n\t\t\t\t<\/div>\n\t\t\t\t<div class=\"elementor-element elementor-element-b78c0f0 elementor-align-right elementor-widget__width-initial elementor-widget elementor-widget-button\" data-id=\"b78c0f0\" data-element_type=\"widget\" data-e-type=\"widget\" data-widget_type=\"button.default\">\n\t\t\t\t<div class=\"elementor-widget-container\">\n\t\t\t\t\t\t\t\t\t<div class=\"elementor-button-wrapper\">\n\t\t\t\t\t<a class=\"elementor-button elementor-button-link elementor-size-sm elementor-animation-shrink\" href=\"https:\/\/ponchomoradofilms.com\/\">\n\t\t\t\t\t\t<span class=\"elementor-button-content-wrapper\">\n\t\t\t\t\t\t\t\t\t<span class=\"elementor-button-text\">REGRESAR<\/span>\n\t\t\t\t\t<\/span>\n\t\t\t\t\t<\/a>\n\t\t\t\t<\/div>\n\t\t\t\t\t\t\t\t<\/div>\n\t\t\t\t<\/div>\n\t\t\t\t<div class=\"elementor-element elementor-element-b72a980 elementor-align-center elementor-widget__width-initial elementor-widget-mobile__width-initial elementor-widget elementor-widget-button\" data-id=\"b72a980\" data-element_type=\"widget\" data-e-type=\"widget\" data-widget_type=\"button.default\">\n\t\t\t\t<div class=\"elementor-widget-container\">\n\t\t\t\t\t\t\t\t\t<div class=\"elementor-button-wrapper\">\n\t\t\t\t\t<a class=\"elementor-button elementor-button-link elementor-size-sm elementor-animation-shrink\" href=\"https:\/\/ponchomoradofilms.com\/index.php\/noticia-01\/\">\n\t\t\t\t\t\t<span class=\"elementor-button-content-wrapper\">\n\t\t\t\t\t\t\t\t\t<span class=\"elementor-button-text\">Siguiente Noticia<\/span>\n\t\t\t\t\t<\/span>\n\t\t\t\t\t<\/a>\n\t\t\t\t<\/div>\n\t\t\t\t\t\t\t\t<\/div>\n\t\t\t\t<\/div>\n\t\t\t\t\t<\/div>\n\t\t<\/div>\n\t\t\t\t\t<\/div>\n\t\t<\/section>\n\t\t\t\t<section class=\"elementor-section elementor-top-section elementor-element elementor-element-7851713 elementor-section-full_width elementor-section-height-default elementor-section-height-default\" data-id=\"7851713\" data-element_type=\"section\" data-e-type=\"section\">\n\t\t\t\t\t\t<div class=\"elementor-container elementor-column-gap-default\">\n\t\t\t\t\t<div class=\"elementor-column elementor-col-50 elementor-top-column elementor-element elementor-element-0de40c6\" data-id=\"0de40c6\" data-element_type=\"column\" data-e-type=\"column\">\n\t\t\t<div class=\"elementor-widget-wrap elementor-element-populated\">\n\t\t\t\t\t\t<div class=\"elementor-element elementor-element-b9ebcb1 elementor-widget__width-initial elementor-widget elementor-widget-text-editor\" data-id=\"b9ebcb1\" data-element_type=\"widget\" data-e-type=\"widget\" data-widget_type=\"text-editor.default\">\n\t\t\t\t<div class=\"elementor-widget-container\">\n\t\t\t\t\t\t\t\t\t<p>La pregunta sugerencia de una amiga, sobre el libro \u201cDos Veces \u00danica\u201d, de Elena Poniatowska, hizo que la abogada, escritora y cineasta Ang\u00e9lica Noboa Pag\u00e1n se interesara por conocer con mayor profundidad la vida y la obra de esta periodista y escritora laureada, ganadora del Premio Cervantes.<\/p><p><br><\/p>\n<p>El atractivo de la obra de Elena Poniatowska hizo surgir en la abogada y escritora la idea de una entrevista, pero una entrevista con elementos po\u00e9ticos.<\/p>\t\t\t\t\t\t\t\t<\/div>\n\t\t\t\t<\/div>\n\t\t\t\t<div class=\"elementor-element elementor-element-0bca5fa elementor-widget elementor-widget-image\" data-id=\"0bca5fa\" data-element_type=\"widget\" data-e-type=\"widget\" data-widget_type=\"image.default\">\n\t\t\t\t<div class=\"elementor-widget-container\">\n\t\t\t\t\t\t\t\t\t\t\t\t\t\t\t<img fetchpriority=\"high\" decoding=\"async\" width=\"1024\" height=\"684\" src=\"https:\/\/ponchomoradofilms.com\/wp-content\/uploads\/2023\/07\/Elena-64-1024x684.jpg\" class=\"attachment-large size-large wp-image-2203\" alt=\"\" srcset=\"https:\/\/ponchomoradofilms.com\/wp-content\/uploads\/2023\/07\/Elena-64-1024x684.jpg 1024w, https:\/\/ponchomoradofilms.com\/wp-content\/uploads\/2023\/07\/Elena-64-300x200.jpg 300w, https:\/\/ponchomoradofilms.com\/wp-content\/uploads\/2023\/07\/Elena-64-768x513.jpg 768w, https:\/\/ponchomoradofilms.com\/wp-content\/uploads\/2023\/07\/Elena-64-1536x1025.jpg 1536w, https:\/\/ponchomoradofilms.com\/wp-content\/uploads\/2023\/07\/Elena-64-2048x1367.jpg 2048w\" sizes=\"(max-width: 1024px) 100vw, 1024px\" \/>\t\t\t\t\t\t\t\t\t\t\t\t\t\t\t<\/div>\n\t\t\t\t<\/div>\n\t\t\t\t\t<\/div>\n\t\t<\/div>\n\t\t\t\t<div class=\"elementor-column elementor-col-50 elementor-top-column elementor-element elementor-element-c435824\" data-id=\"c435824\" data-element_type=\"column\" data-e-type=\"column\">\n\t\t\t<div class=\"elementor-widget-wrap elementor-element-populated\">\n\t\t\t\t\t\t<div class=\"elementor-element elementor-element-9107906 elementor-widget elementor-widget-image\" data-id=\"9107906\" data-element_type=\"widget\" data-e-type=\"widget\" data-widget_type=\"image.default\">\n\t\t\t\t<div class=\"elementor-widget-container\">\n\t\t\t\t\t\t\t\t\t\t\t\t\t\t\t<img decoding=\"async\" width=\"1000\" height=\"669\" src=\"https:\/\/ponchomoradofilms.com\/wp-content\/uploads\/2023\/08\/angelica-noboa-pagan-e-ian-felipe-rodriguez.jpg\" class=\"attachment-2048x2048 size-2048x2048 wp-image-3095\" alt=\"\" srcset=\"https:\/\/ponchomoradofilms.com\/wp-content\/uploads\/2023\/08\/angelica-noboa-pagan-e-ian-felipe-rodriguez.jpg 1000w, https:\/\/ponchomoradofilms.com\/wp-content\/uploads\/2023\/08\/angelica-noboa-pagan-e-ian-felipe-rodriguez-300x201.jpg 300w, https:\/\/ponchomoradofilms.com\/wp-content\/uploads\/2023\/08\/angelica-noboa-pagan-e-ian-felipe-rodriguez-768x514.jpg 768w\" sizes=\"(max-width: 1000px) 100vw, 1000px\" \/>\t\t\t\t\t\t\t\t\t\t\t\t\t\t\t<\/div>\n\t\t\t\t<\/div>\n\t\t\t\t<div class=\"elementor-element elementor-element-82815fa elementor-widget elementor-widget-text-editor\" data-id=\"82815fa\" data-element_type=\"widget\" data-e-type=\"widget\" data-widget_type=\"text-editor.default\">\n\t\t\t\t<div class=\"elementor-widget-container\">\n\t\t\t\t\t\t\t\t\t<p>Ang\u00e9lica Noboa Pag\u00e1n, dominicana que vivi\u00f3, estudi\u00f3 y trabaj\u00f3 en M\u00e9xico, produjo este documental de mediano metraje, acompa\u00f1ada del tambi\u00e9n dominicano cineastra Ian Felipe Rodr\u00edguez.<\/p><p>\u00a0<\/p><p>El documental, filmado en M\u00e9xico y en Santo Domingo, ser\u00e1 estrenado en ACENTO TV el 27 de febrero, a las 8 de la noche.<\/p><p>\u00a0<\/p><p>Ang\u00e9lica Noboa Pag\u00e1n e Ian Felipe Rodr\u00edguez hablaron de los detalles de la producci\u00f3n de este documental, y de su fascinaci\u00f3n con la gran escritora mexicana de origen polacofranc\u00e9s, que adem\u00e1s de periodista ha sido una activista pro derechos y figura respetada dentro y fuera de M\u00e9xico.<\/p><p>\u00a0<\/p><p>Ang\u00e9lica Noboa Pag\u00e1n e Ian Felipe Rodr\u00edguez fueron entrevistados en el programa A PARTIR DE AHORA, de ACENTO TV.<\/p>\t\t\t\t\t\t\t\t<\/div>\n\t\t\t\t<\/div>\n\t\t\t\t\t<\/div>\n\t\t<\/div>\n\t\t\t\t\t<\/div>\n\t\t<\/section>\n\t\t\t\t<section class=\"elementor-section elementor-top-section elementor-element elementor-element-4887876 elementor-section-boxed elementor-section-height-default elementor-section-height-default\" data-id=\"4887876\" data-element_type=\"section\" data-e-type=\"section\">\n\t\t\t\t\t\t<div class=\"elementor-container elementor-column-gap-default\">\n\t\t\t\t\t<div class=\"elementor-column elementor-col-100 elementor-top-column elementor-element elementor-element-73256e0\" data-id=\"73256e0\" data-element_type=\"column\" data-e-type=\"column\">\n\t\t\t<div class=\"elementor-widget-wrap elementor-element-populated\">\n\t\t\t\t\t\t<div class=\"elementor-element elementor-element-3cb8c85 elementor-widget elementor-widget-video\" data-id=\"3cb8c85\" data-element_type=\"widget\" data-e-type=\"widget\" data-settings=\"{&quot;youtube_url&quot;:&quot;https:\\\/\\\/youtu.be\\\/9NhbceFflRQ&quot;,&quot;start&quot;:0,&quot;mute&quot;:&quot;yes&quot;,&quot;loop&quot;:&quot;yes&quot;,&quot;video_type&quot;:&quot;youtube&quot;,&quot;controls&quot;:&quot;yes&quot;}\" data-widget_type=\"video.default\">\n\t\t\t\t<div class=\"elementor-widget-container\">\n\t\t\t\t\t\t\t<div class=\"elementor-wrapper elementor-open-inline\">\n\t\t\t<div class=\"elementor-video\"><\/div>\t\t<\/div>\n\t\t\t\t\t\t<\/div>\n\t\t\t\t<\/div>\n\t\t\t\t<div class=\"elementor-element elementor-element-b754801 elementor-align-right elementor-widget__width-initial elementor-widget-mobile__width-initial elementor-widget elementor-widget-button\" data-id=\"b754801\" data-element_type=\"widget\" data-e-type=\"widget\" data-widget_type=\"button.default\">\n\t\t\t\t<div class=\"elementor-widget-container\">\n\t\t\t\t\t\t\t\t\t<div class=\"elementor-button-wrapper\">\n\t\t\t\t\t<a class=\"elementor-button elementor-button-link elementor-size-sm elementor-animation-shrink\" href=\"https:\/\/ponchomoradofilms.com\/\">\n\t\t\t\t\t\t<span class=\"elementor-button-content-wrapper\">\n\t\t\t\t\t\t\t\t\t<span class=\"elementor-button-text\">Regresar<\/span>\n\t\t\t\t\t<\/span>\n\t\t\t\t\t<\/a>\n\t\t\t\t<\/div>\n\t\t\t\t\t\t\t\t<\/div>\n\t\t\t\t<\/div>\n\t\t\t\t<div class=\"elementor-element elementor-element-e91fbec elementor-align-right elementor-widget__width-initial elementor-mobile-align-center elementor-widget-mobile__width-initial elementor-widget elementor-widget-button\" data-id=\"e91fbec\" data-element_type=\"widget\" data-e-type=\"widget\" data-widget_type=\"button.default\">\n\t\t\t\t<div class=\"elementor-widget-container\">\n\t\t\t\t\t\t\t\t\t<div class=\"elementor-button-wrapper\">\n\t\t\t\t\t<a class=\"elementor-button elementor-button-link elementor-size-sm elementor-animation-shrink\" href=\"https:\/\/ponchomoradofilms.com\/index.php\/noticia-01\/\">\n\t\t\t\t\t\t<span class=\"elementor-button-content-wrapper\">\n\t\t\t\t\t\t\t\t\t<span class=\"elementor-button-text\">Siguiente<\/span>\n\t\t\t\t\t<\/span>\n\t\t\t\t\t<\/a>\n\t\t\t\t<\/div>\n\t\t\t\t\t\t\t\t<\/div>\n\t\t\t\t<\/div>\n\t\t\t\t\t<\/div>\n\t\t<\/div>\n\t\t\t\t\t<\/div>\n\t\t<\/section>\n\t\t\t\t<\/div>\n\t\t","protected":false},"excerpt":{"rendered":"<p>Lo que le cont\u00f3 Elena Poniatowska a Ang\u00e9lica Noboa Pag\u00e1n REGRESAR Siguiente Noticia La pregunta sugerencia de una amiga, sobre el libro \u201cDos Veces \u00danica\u201d, de Elena Poniatowska, hizo que la abogada, escritora y cineasta Ang\u00e9lica Noboa Pag\u00e1n se interesara por conocer con mayor profundidad la vida y la obra de esta periodista y escritora &hellip;<\/p>\n<p class=\"read-more\"> <a class=\"\" href=\"https:\/\/ponchomoradofilms.com\/index.php\/noticia-05\/\"> <span class=\"screen-reader-text\">Noticia 05<\/span> Read More &raquo;<\/a><\/p>\n","protected":false},"author":1,"featured_media":0,"parent":0,"menu_order":0,"comment_status":"closed","ping_status":"closed","template":"","meta":{"site-sidebar-layout":"no-sidebar","site-content-layout":"page-builder","ast-global-header-display":"","ast-banner-title-visibility":"","ast-main-header-display":"","ast-hfb-above-header-display":"","ast-hfb-below-header-display":"","ast-hfb-mobile-header-display":"","site-post-title":"disabled","ast-breadcrumbs-content":"","ast-featured-img":"disabled","footer-sml-layout":"","theme-transparent-header-meta":"","adv-header-id-meta":"","stick-header-meta":"","header-above-stick-meta":"","header-main-stick-meta":"","header-below-stick-meta":"","footnotes":""},"class_list":["post-3091","page","type-page","status-publish","hentry"],"_links":{"self":[{"href":"https:\/\/ponchomoradofilms.com\/index.php\/wp-json\/wp\/v2\/pages\/3091","targetHints":{"allow":["GET"]}}],"collection":[{"href":"https:\/\/ponchomoradofilms.com\/index.php\/wp-json\/wp\/v2\/pages"}],"about":[{"href":"https:\/\/ponchomoradofilms.com\/index.php\/wp-json\/wp\/v2\/types\/page"}],"author":[{"embeddable":true,"href":"https:\/\/ponchomoradofilms.com\/index.php\/wp-json\/wp\/v2\/users\/1"}],"replies":[{"embeddable":true,"href":"https:\/\/ponchomoradofilms.com\/index.php\/wp-json\/wp\/v2\/comments?post=3091"}],"version-history":[{"count":16,"href":"https:\/\/ponchomoradofilms.com\/index.php\/wp-json\/wp\/v2\/pages\/3091\/revisions"}],"predecessor-version":[{"id":3186,"href":"https:\/\/ponchomoradofilms.com\/index.php\/wp-json\/wp\/v2\/pages\/3091\/revisions\/3186"}],"wp:attachment":[{"href":"https:\/\/ponchomoradofilms.com\/index.php\/wp-json\/wp\/v2\/media?parent=3091"}],"curies":[{"name":"wp","href":"https:\/\/api.w.org\/{rel}","templated":true}]}}